{"id":10,"date":"2019-04-18T19:36:08","date_gmt":"2019-04-18T19:36:08","guid":{"rendered":"https:\/\/www.buergerverein-brandis.de\/?page_id=10"},"modified":"2019-04-18T19:37:32","modified_gmt":"2019-04-18T19:37:32","slug":"was-haben-wir-bisher-erreicht","status":"publish","type":"page","link":"https:\/\/www.buergerverein-brandis.de\/index.php\/was-haben-wir-bisher-erreicht\/","title":{"rendered":"Was haben wir durch unsere aktive Mitarbeit im Stadtrat und den Ortschaftsr\u00e4ten bisher erreicht?"},"content":{"rendered":"<ul>\n<li>den Erhalt und Ausbau der Kindertagesst\u00e4tten<\/li>\n<li>die Gestaltung der einmaligen Campuslandschaft mit Grundschule, Oberschule und Gymnasium<\/li>\n<li>die Einsetzung eines Seniorenbeauftragten<\/li>\n<li>eine b\u00fcrgerfreundliche Verkehrsgestaltung mit \u00f6ffentlichen Verkehrsmitteln<\/li>\n<li>die Verbesserung der Einsatzbedingungen f\u00fcr die Freiwilligen Feuerwehren<\/li>\n<li>die herzliche Begr\u00fc\u00dfung von Neub\u00fcrgern<\/li>\n<li>erste Ma\u00dfnahmen zur Verbesserung des Hochwasserschutzes<\/li>\n<\/ul>\n","protected":false},"excerpt":{"rendered":"<p>den Erhalt und Ausbau der Kindertagesst\u00e4tten die Gestaltung der einmaligen Campuslandschaft mit Grundschule, Oberschule und Gymnasium die Einsetzung eines Seniorenbeauftragten [&hellip;]<\/p>\n","protected":false},"author":1,"featured_media":0,"parent":0,"menu_order":0,"comment_status":"closed","ping_status":"closed","template":"","meta":{"site-sidebar-layout":"default","site-content-layout":"","ast-site-content-layout":"default","site-content-style":"default","site-sidebar-style":"default","ast-global-header-display":"","ast-banner-title-visibility":"","ast-main-header-display":"","ast-hfb-above-header-display":"","ast-hfb-below-header-display":"","ast-hfb-mobile-header-display":"","site-post-title":"","ast-breadcrumbs-content":"","ast-featured-img":"","footer-sml-layout":"","ast-disable-related-posts":"","theme-transparent-header-meta":"","adv-header-id-meta":"","stick-header-meta":"","header-above-stick-meta":"","header-main-stick-meta":"","header-below-stick-meta":"","astra-migrate-meta-layouts":"default","ast-page-background-enabled":"default","ast-page-background-meta":{"desktop":{"background-color":"var(--ast-global-color-4)","background-image":"","background-repeat":"repeat","background-position":"center center","background-size":"auto","background-attachment":"scroll","background-type":"","background-media":"","overlay-type":"","overlay-color":"","overlay-opacity":"","overlay-gradient":""},"tablet":{"background-color":"","background-image":"","background-repeat":"repeat","background-position":"center center","background-size":"auto","background-attachment":"scroll","background-type":"","background-media":"","overlay-type":"","overlay-color":"","overlay-opacity":"","overlay-gradient":""},"mobile":{"background-color":"","background-image":"","background-repeat":"repeat","background-position":"center center","background-size":"auto","background-attachment":"scroll","background-type":"","background-media":"","overlay-type":"","overlay-color":"","overlay-opacity":"","overlay-gradient":""}},"ast-content-background-meta":{"desktop":{"background-color":"var(--ast-global-color-5)","background-image":"","background-repeat":"repeat","background-position":"center center","background-size":"auto","background-attachment":"scroll","background-type":"","background-media":"","overlay-type":"","overlay-color":"","overlay-opacity":"","overlay-gradient":""},"tablet":{"background-color":"var(--ast-global-color-5)","background-image":"","background-repeat":"repeat","background-position":"center center","background-size":"auto","background-attachment":"scroll","background-type":"","background-media":"","overlay-type":"","overlay-color":"","overlay-opacity":"","overlay-gradient":""},"mobile":{"background-color":"var(--ast-global-color-5)","background-image":"","background-repeat":"repeat","background-position":"center center","background-size":"auto","background-attachment":"scroll","background-type":"","background-media":"","overlay-type":"","overlay-color":"","overlay-opacity":"","overlay-gradient":""}},"footnotes":""},"class_list":["post-10","page","type-page","status-publish","hentry"],"_links":{"self":[{"href":"https:\/\/www.buergerverein-brandis.de\/index.php\/wp-json\/wp\/v2\/pages\/10","targetHints":{"allow":["GET"]}}],"collection":[{"href":"https:\/\/www.buergerverein-brandis.de\/index.php\/wp-json\/wp\/v2\/pages"}],"about":[{"href":"https:\/\/www.buergerverein-brandis.de\/index.php\/wp-json\/wp\/v2\/types\/page"}],"author":[{"embeddable":true,"href":"https:\/\/www.buergerverein-brandis.de\/index.php\/wp-json\/wp\/v2\/users\/1"}],"replies":[{"embeddable":true,"href":"https:\/\/www.buergerverein-brandis.de\/index.php\/wp-json\/wp\/v2\/comments?post=10"}],"version-history":[{"count":3,"href":"https:\/\/www.buergerverein-brandis.de\/index.php\/wp-json\/wp\/v2\/pages\/10\/revisions"}],"predecessor-version":[{"id":13,"href":"https:\/\/www.buergerverein-brandis.de\/index.php\/wp-json\/wp\/v2\/pages\/10\/revisions\/13"}],"wp:attachment":[{"href":"https:\/\/www.buergerverein-brandis.de\/index.php\/wp-json\/wp\/v2\/media?parent=10"}],"curies":[{"name":"wp","href":"https:\/\/api.w.org\/{rel}","templated":true}]}}