{"id":21,"date":"2019-04-18T19:58:23","date_gmt":"2019-04-18T19:58:23","guid":{"rendered":"https:\/\/www.buergerverein-brandis.de\/?page_id=21"},"modified":"2024-06-14T10:21:27","modified_gmt":"2024-06-14T09:21:27","slug":"home","status":"publish","type":"page","link":"https:\/\/www.buergerverein-brandis.de\/","title":{"rendered":"Aktuelles"},"content":{"rendered":"\n<div style=\"height:52px\" aria-hidden=\"true\" class=\"wp-block-spacer\"><\/div>\n\n\n<ul style=\"padding-right:0;padding-left:0;padding-top:0;padding-bottom:0;margin-top:0;margin-bottom:0;\" class=\"wp-block-latest-posts__list is-grid columns-3 has-link-color wp-elements-ee17f4a7c2db67d33ab153da73837da0 wp-block-latest-posts\"><li><a class=\"wp-block-latest-posts__post-title\" href=\"https:\/\/www.buergerverein-brandis.de\/index.php\/2026\/03\/20\/21-maerz-10-uhr-mit-dem-buergerverein-brandis-im-kohlenberggebiet-unterwegs\/\">21. M\u00e4rz, 10 Uhr: Mit dem B\u00fcrgerverein Brandis im Kohlenberggebiet unterwegs<\/a><div class=\"wp-block-latest-posts__post-excerpt\">Treffpunkt ist das Ende der Bergstra\u00dfe. Der B\u00fcrgerverein Brandis l\u00e4dt zu einer Wanderung um zuk\u00fcnftige Standorte f\u00fcr Wegweiser im Gebiet festzulegen. Bei der lockeren Wanderung kann man mit den Mitgliedern des Vereins ins Gespr\u00e4ch kommen und den Verein kennenlernen. Alle Brandiser sind herzlich eingeladen.<\/div><\/li>\n<li><div class=\"wp-block-latest-posts__featured-image\"><a href=\"https:\/\/www.buergerverein-brandis.de\/index.php\/2024\/10\/22\/einladung-16-brandiser-ballnacht-am-16-11-2024\/\" aria-label=\"Einladung zur 16. Brandiser Ballnacht am 16.11.2024\"><img loading=\"lazy\" decoding=\"async\" width=\"150\" height=\"150\" src=\"https:\/\/www.buergerverein-brandis.de\/wp-content\/uploads\/2024\/10\/IMG_3364-150x150.jpeg\" class=\"attachment-thumbnail size-thumbnail wp-post-image\" alt=\"\" style=\"max-width:75px;max-height:75px;\" \/><\/a><\/div><a class=\"wp-block-latest-posts__post-title\" href=\"https:\/\/www.buergerverein-brandis.de\/index.php\/2024\/10\/22\/einladung-16-brandiser-ballnacht-am-16-11-2024\/\">Einladung zur 16. Brandiser Ballnacht am 16.11.2024<\/a><div class=\"wp-block-latest-posts__post-excerpt\"><\/div><\/li>\n<li><div class=\"wp-block-latest-posts__featured-image\"><a href=\"https:\/\/www.buergerverein-brandis.de\/index.php\/2024\/06\/14\/vielen-dank\/\" aria-label=\"Vielen Dank!\"><img loading=\"lazy\" decoding=\"async\" width=\"150\" height=\"150\" src=\"https:\/\/www.buergerverein-brandis.de\/wp-content\/uploads\/2024\/02\/Rose-leer-150x150.png\" class=\"attachment-thumbnail size-thumbnail wp-post-image\" alt=\"\" style=\"max-width:75px;max-height:75px;\" \/><\/a><\/div><a class=\"wp-block-latest-posts__post-title\" href=\"https:\/\/www.buergerverein-brandis.de\/index.php\/2024\/06\/14\/vielen-dank\/\">Vielen Dank!<\/a><div class=\"wp-block-latest-posts__post-excerpt\">Liebe Brandiser, als Mitglieder des neu gew\u00e4hlten Stadtrates m\u00f6chten wir uns herzlich bei unseren W\u00e4hlern f\u00fcr das in uns gesetzte Vertrauen bedanken. Dank Ihrer Stimmen k\u00f6nnen wir wieder die st\u00e4rkste Fraktion im Stadtrat und damit auch in den Aussch\u00fcssen stellen. Wir wollen uns auch in den n\u00e4chsten f\u00fcnf Jahren f\u00fcr das Wohl unserer Stadt und\u2026\u00a0<a class=\"wp-block-latest-posts__read-more\" href=\"https:\/\/www.buergerverein-brandis.de\/index.php\/2024\/06\/14\/vielen-dank\/\" rel=\"noopener noreferrer\"><span class=\"screen-reader-text\">Vielen Dank! <\/span>weiterlesen<\/a><\/div><\/li>\n<\/ul>\n\n\n<div style=\"height:36px\" aria-hidden=\"true\" class=\"wp-block-spacer\"><\/div>\n\n\n\n<h2 class=\"wp-block-heading\">\u00c4ltere Meldungen<\/h2>\n\n\n<ul style=\"padding-right:0;padding-left:0;padding-top:0;padding-bottom:0;margin-top:0;margin-bottom:0;\" class=\"wp-block-latest-posts__list is-grid columns-3 has-link-color wp-elements-589cdb0f51d4e0fa50373bf1bb6ca1d8 wp-block-latest-posts\"><li><div class=\"wp-block-latest-posts__featured-image\"><a href=\"https:\/\/www.buergerverein-brandis.de\/index.php\/2024\/05\/09\/picknick-im-gruenen-diesmal-im-mai\/\" aria-label=\"Picknick im Gr\u00fcnen diesmal im Mai\"><img loading=\"lazy\" decoding=\"async\" width=\"150\" height=\"150\" src=\"https:\/\/www.buergerverein-brandis.de\/wp-content\/uploads\/2024\/05\/IMG_1296-150x150.jpeg\" class=\"attachment-thumbnail size-thumbnail wp-post-image\" alt=\"\" style=\"max-width:75px;max-height:75px;\" \/><\/a><\/div><a class=\"wp-block-latest-posts__post-title\" href=\"https:\/\/www.buergerverein-brandis.de\/index.php\/2024\/05\/09\/picknick-im-gruenen-diesmal-im-mai\/\">Picknick im Gr\u00fcnen diesmal im Mai<\/a><div class=\"wp-block-latest-posts__post-excerpt\">26.05.2024, 10 Uhr bis 14 Uhr, an der Musikarche Das Picknick ist seit vielen Jahren Tradition: Einst bekannt als&nbsp;Picknick in Wei\u00df&nbsp;auf dem Brandiser Marktplatz, wurde es in den letzten Jahren in den Stadtpark verlagert und ist nun als&nbsp;Picknick im Gr\u00fcnen&nbsp;zunehmend bunter. So erwartet die Picknickenden neben der musikalischen Begleitung aus Hits und Mitmachliedern auch wieder\u2026\u00a0<a class=\"wp-block-latest-posts__read-more\" href=\"https:\/\/www.buergerverein-brandis.de\/index.php\/2024\/05\/09\/picknick-im-gruenen-diesmal-im-mai\/\" rel=\"noopener noreferrer\"><span class=\"screen-reader-text\">Picknick im Gr\u00fcnen diesmal im Mai <\/span>weiterlesen<\/a><\/div><\/li>\n<li><div class=\"wp-block-latest-posts__featured-image\"><a href=\"https:\/\/www.buergerverein-brandis.de\/index.php\/2024\/04\/14\/was-befindet-sich-in-der-kleinsteinberger-strasse-unter-der-erde\/\" aria-label=\"Was befindet sich in der Kleinsteinberger Stra\u00dfe unter der Erde?\"><img loading=\"lazy\" decoding=\"async\" width=\"150\" height=\"150\" src=\"https:\/\/www.buergerverein-brandis.de\/wp-content\/uploads\/2024\/04\/Lysimeter-150x150.jpg\" class=\"attachment-thumbnail size-thumbnail wp-post-image\" alt=\"Lysimeterkeller\" style=\"max-width:75px;max-height:75px;\" \/><\/a><\/div><a class=\"wp-block-latest-posts__post-title\" href=\"https:\/\/www.buergerverein-brandis.de\/index.php\/2024\/04\/14\/was-befindet-sich-in-der-kleinsteinberger-strasse-unter-der-erde\/\">Was befindet sich in der Kleinsteinberger Stra\u00dfe unter der Erde?<\/a><div class=\"wp-block-latest-posts__post-excerpt\">Nach dem der Andrang zum Besuch der Lysimeter-Anlage im vergangenen Jahr l\u00e4dt der B\u00fcrgerverein Brandis e.V. (BVB) am 25.04.2024 um 16.00 Uhr gemeinsam mit den Mitarbeitern der Forschungseinrichtung zu einer erneuten Begehung der Anlage ein. Die Mitarbeiter der gr\u00f6\u00dften und \u00e4ltesten Messanlage in Deutschland f\u00fcr die Ermittlung des Wasserhaushaltes von B\u00f6den erkl\u00e4ren den interessierten Besuchern:\u2026\u00a0<a class=\"wp-block-latest-posts__read-more\" href=\"https:\/\/www.buergerverein-brandis.de\/index.php\/2024\/04\/14\/was-befindet-sich-in-der-kleinsteinberger-strasse-unter-der-erde\/\" rel=\"noopener noreferrer\"><span class=\"screen-reader-text\">Was befindet sich in der Kleinsteinberger Stra\u00dfe unter der Erde? <\/span>weiterlesen<\/a><\/div><\/li>\n<\/ul>\n\n<p><img loading=\"lazy\" decoding=\"async\" class=\"aligncenter wp-image-72\" src=\"https:\/\/www.buergerverein-brandis.de\/wp-content\/uploads\/2024\/02\/Rose-1024x718.png\" alt=\"Brandiser Rose mit Ortsteilen\" width=\"750\" height=\"526\" srcset=\"https:\/\/www.buergerverein-brandis.de\/wp-content\/uploads\/2024\/02\/Rose-1024x718.png 1024w, https:\/\/www.buergerverein-brandis.de\/wp-content\/uploads\/2024\/02\/Rose-300x210.png 300w, https:\/\/www.buergerverein-brandis.de\/wp-content\/uploads\/2024\/02\/Rose-768x538.png 768w, https:\/\/www.buergerverein-brandis.de\/wp-content\/uploads\/2024\/02\/Rose-1536x1076.png 1536w, https:\/\/www.buergerverein-brandis.de\/wp-content\/uploads\/2024\/02\/Rose-2048x1435.png 2048w\" sizes=\"auto, (max-width: 750px) 100vw, 750px\" \/><\/p>","protected":false},"excerpt":{"rendered":"<p>\u00c4ltere Meldungen<\/p>\n","protected":false},"author":1,"featured_media":0,"parent":0,"menu_order":0,"comment_status":"closed","ping_status":"closed","template":"","meta":{"site-sidebar-layout":"default","site-content-layout":"","ast-site-content-layout":"default","site-content-style":"default","site-sidebar-style":"default","ast-global-header-display":"","ast-banner-title-visibility":"","ast-main-header-display":"","ast-hfb-above-header-display":"","ast-hfb-below-header-display":"","ast-hfb-mobile-header-display":"","site-post-title":"","ast-breadcrumbs-content":"","ast-featured-img":"","footer-sml-layout":"","ast-disable-related-posts":"","theme-transparent-header-meta":"default","adv-header-id-meta":"","stick-header-meta":"","header-above-stick-meta":"","header-main-stick-meta":"","header-below-stick-meta":"","astra-migrate-meta-layouts":"set","ast-page-background-enabled":"default","ast-page-background-meta":{"desktop":{"background-color":"var(--ast-global-color-4)","background-image":"","background-repeat":"repeat","background-position":"center center","background-size":"auto","background-attachment":"scroll","background-type":"","background-media":"","overlay-type":"","overlay-color":"","overlay-opacity":"","overlay-gradient":""},"tablet":{"background-color":"","background-image":"","background-repeat":"repeat","background-position":"center center","background-size":"auto","background-attachment":"scroll","background-type":"","background-media":"","overlay-type":"","overlay-color":"","overlay-opacity":"","overlay-gradient":""},"mobile":{"background-color":"","background-image":"","background-repeat":"repeat","background-position":"center center","background-size":"auto","background-attachment":"scroll","background-type":"","background-media":"","overlay-type":"","overlay-color":"","overlay-opacity":"","overlay-gradient":""}},"ast-content-background-meta":{"desktop":{"background-color":"var(--ast-global-color-5)","background-image":"","background-repeat":"repeat","background-position":"center center","background-size":"auto","background-attachment":"scroll","background-type":"","background-media":"","overlay-type":"","overlay-color":"","overlay-opacity":"","overlay-gradient":""},"tablet":{"background-color":"var(--ast-global-color-5)","background-image":"","background-repeat":"repeat","background-position":"center center","background-size":"auto","background-attachment":"scroll","background-type":"","background-media":"","overlay-type":"","overlay-color":"","overlay-opacity":"","overlay-gradient":""},"mobile":{"background-color":"var(--ast-global-color-5)","background-image":"","background-repeat":"repeat","background-position":"center center","background-size":"auto","background-attachment":"scroll","background-type":"","background-media":"","overlay-type":"","overlay-color":"","overlay-opacity":"","overlay-gradient":""}},"footnotes":""},"class_list":["post-21","page","type-page","status-publish","hentry"],"_links":{"self":[{"href":"https:\/\/www.buergerverein-brandis.de\/index.php\/wp-json\/wp\/v2\/pages\/21","targetHints":{"allow":["GET"]}}],"collection":[{"href":"https:\/\/www.buergerverein-brandis.de\/index.php\/wp-json\/wp\/v2\/pages"}],"about":[{"href":"https:\/\/www.buergerverein-brandis.de\/index.php\/wp-json\/wp\/v2\/types\/page"}],"author":[{"embeddable":true,"href":"https:\/\/www.buergerverein-brandis.de\/index.php\/wp-json\/wp\/v2\/users\/1"}],"replies":[{"embeddable":true,"href":"https:\/\/www.buergerverein-brandis.de\/index.php\/wp-json\/wp\/v2\/comments?post=21"}],"version-history":[{"count":28,"href":"https:\/\/www.buergerverein-brandis.de\/index.php\/wp-json\/wp\/v2\/pages\/21\/revisions"}],"predecessor-version":[{"id":196,"href":"https:\/\/www.buergerverein-brandis.de\/index.php\/wp-json\/wp\/v2\/pages\/21\/revisions\/196"}],"wp:attachment":[{"href":"https:\/\/www.buergerverein-brandis.de\/index.php\/wp-json\/wp\/v2\/media?parent=21"}],"curies":[{"name":"wp","href":"https:\/\/api.w.org\/{rel}","templated":true}]}}